{"id":27,"date":"2025-12-13T13:40:10","date_gmt":"2025-12-13T13:40:10","guid":{"rendered":"http:\/\/gyurcsakauto.hu\/?page_id=27"},"modified":"2025-12-14T12:57:01","modified_gmt":"2025-12-14T12:57:01","slug":"araink","status":"publish","type":"page","link":"https:\/\/gyurcsakauto.hu\/?page_id=27","title":{"rendered":"\u00c1raink"},"content":{"rendered":"\n<p>Leggyakrabban el\u0151fordul\u00f3 kateg\u00f3ri\u00e1k \u00e1raz\u00e1s\u00e1t mutatjuk be, egy\u00e9b kateg\u00f3ri\u00e1k \u00e1rair\u00f3l \u00e9rdekl\u0151dj\u00f6n a helysz\u00ednen, vagy telefonon munkaid\u0151ben. +36205698489<\/p>\n\n\n\n<p><\/p>\n\n\n\n<p><strong>A hat\u00f3s\u00e1gi m\u0171szaki vizsga \u00e9s el\u0151zetes \u00e1tvizsg\u00e1l\u00e1s \u00e1raz\u00e1sa (csak 3,5 t \u00f6sszt\u00f6meg alatti j\u00e1rm\u0171veket vizsg\u00e1ztatunk!):<\/strong><\/p>\n\n\n\n<p>Hat\u00f3s\u00e1gi elj\u00e1r\u00e1s d\u00edja=45\/2024.XII.30. \u00c9KM rendelet szerint<\/p>\n\n\n\n<p><\/p>\n\n\n\n<p><strong>M1 kateg\u00f3ria<\/strong> (szem\u00e9lyg\u00e9pkocsi)<br>Hat\u00f3s\u00e1gi elj\u00e1r\u00e1s d\u00edja: 26.700 Ft (mentes az \u00e1fa al\u00f3l)<br>El\u0151zetes \u00e1tvizsg\u00e1l\u00e1s d\u00edja: 18.510 Ft (27% \u00e1f\u00e1t tartalmaz)<br>\u00d6sszesen (hat\u00f3s\u00e1gi \u00e9s el\u0151zetes \u00e1tvizsg\u00e1l\u00e1s egy\u00fcttes megrendel\u00e9se eset\u00e9n): <strong>45.210 Ft<\/strong><br>\u00d6sszker\u00e9k hajt\u00e1s vizsg\u00e1lat\u00e1nak hat\u00f3s\u00e1gi elj\u00e1r\u00e1s d\u00edja: 6.700 Ft<br>El\u0151zetes \u00e1tvizsg\u00e1l\u00e1s d\u00edja: 20.510 Ft (27% \u00e1f\u00e1t tartalmaz)<br>\u00d6sszesen (hat\u00f3s\u00e1gi \u00e9s el\u0151zetes \u00e1tvizsg\u00e1l\u00e1s egy\u00fcttes megrendel\u00e9se eset\u00e9n): <strong>\u00f6sszkerekes:<\/strong> <strong>53.910 Ft<\/strong><\/p>\n\n\n\n<p><strong>N1 kateg\u00f3ria<\/strong> (kisteherg\u00e9pkocsi)<br>Hat\u00f3s\u00e1gi elj\u00e1r\u00e1s d\u00edja: 28.100 Ft (mentes az \u00e1fa al\u00f3l)<br>El\u0151zetes \u00e1tvizsg\u00e1l\u00e1s d\u00edja: 19.780 Ft (27% \u00e1f\u00e1t tartalmaz)<br>\u00d6sszesen (hat\u00f3s\u00e1gi \u00e9s el\u0151zetes \u00e1tvizsg\u00e1l\u00e1s egy\u00fcttes megrendel\u00e9se eset\u00e9n): <strong>47.880 Ft<\/strong><br>\u00d6sszker\u00e9k hajt\u00e1s vizsg\u00e1lat\u00e1nak hat\u00f3s\u00e1gi elj\u00e1r\u00e1s d\u00edja:<strong> <\/strong>6.700 Ft<br>El\u0151zetes \u00e1tvizsg\u00e1l\u00e1s d\u00edja: 20.510 Ft (27% \u00e1f\u00e1t tartalmaz)<br>\u00d6sszesen (hat\u00f3s\u00e1gi \u00e9s el\u0151zetes \u00e1tvizsg\u00e1l\u00e1s egy\u00fcttes megrendel\u00e9se eset\u00e9n): <strong>\u00f6sszkerekes:<\/strong> <strong>55.310 Ft<\/strong><\/p>\n\n\n\n<p><strong>Motorker\u00e9kp\u00e1r<\/strong><br>Hat\u00f3s\u00e1gi elj\u00e1r\u00e1s d\u00edja: 7.200 Ft (mentes az \u00e1fa al\u00f3l)<br>El\u0151zetes \u00e1tvizsg\u00e1l\u00e1s d\u00edja: 13.970 Ft (27% \u00e1f\u00e1t tartalmaz)<br>\u00d6sszesen (hat\u00f3s\u00e1gi \u00e9s el\u0151zetes \u00e1tvizsg\u00e1l\u00e1s egy\u00fcttes megrendel\u00e9se eset\u00e9n): <strong>21.170 Ft<\/strong><\/p>\n\n\n\n<p><strong>O1, O2 <\/strong>(Ut\u00e1nfut\u00f3, lak\u00f3kocsi)<br>Hat\u00f3s\u00e1gi elj\u00e1r\u00e1s d\u00edja (750kg alatt): 5.200 Ft (mentes az \u00e1fa al\u00f3l)<br>Hat\u00f3s\u00e1gi elj\u00e1r\u00e1s d\u00edja (750kg felett): 6.000 Ft (mentes az \u00e1fa al\u00f3l)<br>El\u0151zetes \u00e1tvizsg\u00e1l\u00e1s d\u00edja: 15.290 Ft (27% \u00e1f\u00e1t tartalmaz)<br>\u00d6sszesen (hat\u00f3s\u00e1gi \u00e9s el\u0151zetes \u00e1tvizsg\u00e1l\u00e1s egy\u00fcttes megrendel\u00e9se eset\u00e9n): <strong>750 kg alatt 20.490 Ft<\/strong>, <strong>750 kg felett 21.290 Ft<\/strong><\/p>\n\n\n\n<p>A hat\u00f3s\u00e1gi m\u0171szaki vizsg\u00e1lat \u00e9s az el\u0151zetes \u00e1tvizsg\u00e1l\u00e1s\/jav\u00edt\u00e1s k\u00fcl\u00f6n megrendel\u00e9st ig\u00e9nyel.<\/p>\n\n\n\n<p><strong>Rezsi \u00f3rad\u00edjunk 15.000 Ft +27% \u00e1fa, azaz 19.050 Ft<\/strong><\/p>\n\n\n\n<p><strong>Fut\u00f3m\u0171 \u00e1ll\u00edt\u00e1s 13.000 Ft +27% \u00e1fa, azaz 16.510 Ft-t\u00f3l<\/strong><\/p>\n\n\n\n<p><strong>Gumiszerel\u00e9s brutt\u00f3 3000 Ft-t\u00f3l (27% \u00e1f\u00e1t tartalmaz)<\/strong><\/p>\n\n\n\n<p><\/p>\n\n\n\n<p><strong>Eredetis\u00e9g vizsg\u00e1lati d\u00edjaink (hat\u00f3s\u00e1gi \u00e1rak):<\/strong><\/p>\n\n\n\n<p>Szem\u00e9lyg\u00e9pkocsi 1400ccm alatt: <strong>22.950Ft<\/strong><br>Szem\u00e9lyg\u00e9pkocsi 1400ccm \u00e9s 2000ccm k\u00f6z\u00f6tt: <strong>24.975 Ft<\/strong><br>Szem\u00e9lyg\u00e9pkocsi 2001ccm f\u00f6l\u00f6tt: <strong>27.000 Ft<\/strong><br>3,5t \u00f6sszt\u00f6meget meg nem halad\u00f3 teherg\u00e9pkocsi: <strong>27.000 Ft<\/strong><br>Motorker\u00e9kp\u00e1r 500ccm alatt: <strong>20.925 Ft<\/strong><br>Motorker\u00e9kp\u00e1r 501ccm f\u00f6l\u00f6tt: <strong>22.950 Ft<\/strong><br>Lass\u00fa j\u00e1rm\u0171, traktor: <strong>27.000 Ft<\/strong><br>Ut\u00e1nfut\u00f3 \u00e9s lak\u00f3kocsi 750 kg-ig: <strong>21.600 Ft<br><\/strong>Ut\u00e1nfut\u00f3 \u00e9s lak\u00f3kocsi 751 kg felett: <strong>23.650 Ft<\/strong><\/p>\n\n\n\n<p>J\u00e1rm\u0171 honos\u00edt\u00e1st<strong> nem <\/strong>v\u00e9gz\u00fcnk!<\/p>\n\n\n\n<p>Tachogr\u00e1ffal szerelt \u00e9s g\u00e1z \u00fczemanyag\u00fa g\u00e9pj\u00e1rm\u0171vek hat\u00f3s\u00e1gi m\u0171szaki vizsg\u00e1lat\u00e1ra enged\u00e9llyel nem rendelkez\u00fcnk.<\/p>\n\n\n\n<p><\/p>\n","protected":false},"excerpt":{"rendered":"<p>Leggyakrabban el\u0151fordul\u00f3 kateg\u00f3ri\u00e1k \u00e1raz\u00e1s\u00e1t mutatjuk be, egy\u00e9b kateg\u00f3ri\u00e1k \u00e1rair\u00f3l \u00e9rdekl\u0151dj\u00f6n a helysz\u00ednen, vagy telefonon munkaid\u0151ben. +36205698489 A hat\u00f3s\u00e1gi m\u0171szaki vizsga \u00e9s el\u0151zetes \u00e1tvizsg\u00e1l\u00e1s \u00e1raz\u00e1sa (csak 3,5 t \u00f6sszt\u00f6meg alatti j\u00e1rm\u0171veket vizsg\u00e1ztatunk!): Hat\u00f3s\u00e1gi elj\u00e1r\u00e1s d\u00edja=45\/2024.XII.30. \u00c9KM rendelet szerint M1 kateg\u00f3ria (szem\u00e9lyg\u00e9pkocsi)Hat\u00f3s\u00e1gi elj\u00e1r\u00e1s d\u00edja: 26.700 Ft (mentes az \u00e1fa al\u00f3l)El\u0151zetes \u00e1tvizsg\u00e1l\u00e1s d\u00edja: 18.510 Ft (27% \u00e1f\u00e1t tartalmaz)\u00d6sszesen [&hellip;]<\/p>\n","protected":false},"author":1,"featured_media":0,"parent":0,"menu_order":0,"comment_status":"closed","ping_status":"closed","template":"","meta":{"pagelayer_contact_templates":[],"_pagelayer_content":"","footnotes":""},"class_list":["post-27","page","type-page","status-publish","hentry"],"_links":{"self":[{"href":"https:\/\/gyurcsakauto.hu\/index.php?rest_route=\/wp\/v2\/pages\/27","targetHints":{"allow":["GET"]}}],"collection":[{"href":"https:\/\/gyurcsakauto.hu\/index.php?rest_route=\/wp\/v2\/pages"}],"about":[{"href":"https:\/\/gyurcsakauto.hu\/index.php?rest_route=\/wp\/v2\/types\/page"}],"author":[{"embeddable":true,"href":"https:\/\/gyurcsakauto.hu\/index.php?rest_route=\/wp\/v2\/users\/1"}],"replies":[{"embeddable":true,"href":"https:\/\/gyurcsakauto.hu\/index.php?rest_route=%2Fwp%2Fv2%2Fcomments&post=27"}],"version-history":[{"count":19,"href":"https:\/\/gyurcsakauto.hu\/index.php?rest_route=\/wp\/v2\/pages\/27\/revisions"}],"predecessor-version":[{"id":144,"href":"https:\/\/gyurcsakauto.hu\/index.php?rest_route=\/wp\/v2\/pages\/27\/revisions\/144"}],"wp:attachment":[{"href":"https:\/\/gyurcsakauto.hu\/index.php?rest_route=%2Fwp%2Fv2%2Fmedia&parent=27"}],"curies":[{"name":"wp","href":"https:\/\/api.w.org\/{rel}","templated":true}]}}