{"id":25,"date":"2025-12-13T13:39:43","date_gmt":"2025-12-13T13:39:43","guid":{"rendered":"http:\/\/gyurcsakauto.hu\/?page_id=25"},"modified":"2025-12-14T12:41:44","modified_gmt":"2025-12-14T12:41:44","slug":"rolunk","status":"publish","type":"page","link":"https:\/\/gyurcsakauto.hu\/?page_id=25","title":{"rendered":"R\u00f3lunk"},"content":{"rendered":"<div class=\"wp-block-image\">\n<figure class=\"aligncenter size-full is-resized\"><img loading=\"lazy\" decoding=\"async\" width=\"500\" height=\"500\" src=\"https:\/\/gyurcsakauto.hu\/wp-content\/uploads\/2025\/12\/since1991.gif\" alt=\"\" class=\"wp-image-7\" style=\"width:232px;height:auto\"\/><\/figure>\n<\/div>\n\n\n<p class=\"has-text-align-left\">\u00c9desap\u00e1m, <strong>Gyurcs\u00e1k Andr\u00e1s<\/strong> aut\u00f3szerel\u0151 mester v\u00e1llalkoz\u00e1s\u00e1t <strong>1991-ben<\/strong> kezdte, majd <strong>1992-t\u0151l <\/strong>az \u00fajonan bevezetett <strong>z\u00f6ldk\u00e1rty\u00e1z\u00e1ssal<\/strong> folytatta, amely akkor m\u00e9g b\u0151ven a Lad\u00e1k, Trabantok, Wartburgok, Skod\u00e1k stb. korszaka volt. Ekkor m\u00e9g a z\u00f6ldk\u00e1rtya (k\u00f6rnyezetv\u00e9delmi fel\u00fclvizsg\u00e1lat) \u00e9s a m\u0171szaki vizsga elk\u00fcl\u00f6n\u00fclt, nem tartozott egybe \u00e9s el\u00e9g volt hozz\u00e1 a csal\u00e1di h\u00e1zunk gar\u00e1zsa is. K\u00e9s\u0151bb azt\u00e1n b\u0151v\u00edtette tev\u00e9kenys\u00e9gi k\u00f6r\u00e9t, <strong>1994-ben fel\u00e9p\u00fclt a mostani szerel\u0151m\u0171hely<\/strong>, felvette Sipos G\u00e1bor aut\u00f3szerel\u0151 mestert \u00e9s maguk mell\u00e9 vettek j\u00f3 p\u00e1r tanul\u00f3t is. <strong>1995-t\u0151l pedig \u00e9n magam is itt tanultam a szakma alapjait<\/strong>, tiszt\u00e1n el\u0151ttem van az az id\u0151szak. Akkor kezd\u0151d\u00f6tt az \u00fan. z\u00e1rttechnol\u00f3gi\u00e1s vizsg\u00e1ztat\u00e1s is a m\u0171helyben, akkor m\u00e1r nem csak tanul\u00f3k, hanem <strong>t\u00f6bb ember is dolgozott apum v\u00e1llalkoz\u00e1s\u00e1ban<\/strong>. Ezid\u0151t\u00e1jt a vizsgabiztosok a &#8222;Fel\u00fcgyelett\u0151l&#8221; j\u00e1rtak ki hozz\u00e1nk vizsg\u00e1ztatni. K\u00f6zleked\u00e9sg\u00e9p\u00e9szeti technikumi, k\u00f6z\u00fatij\u00e1rm\u0171-g\u00e9p\u00e9sz v\u00e9gzetts\u00e9gemhez a szakdolgozatomat is a <strong>m\u0171szaki vizsg\u00e1ztat\u00e1s technol\u00f3gi\u00e1j\u00e1b\u00f3l<\/strong> \u00edrtam. <strong>2001-ben<\/strong>, amikor a f\u0151iskol\u00e1s tanulm\u00e1nyaimat kezdtem, <strong>fel\u00e9p\u00fclt a m\u0171hely m\u00f6g\u00f6tti \u00faj vizsgasor<\/strong>, ahol m\u00e1r az addig vizsgabiztoss\u00e1 v\u00e1l\u00f3 apum \u00e9s Gabi b\u00e1csi (ahogy h\u00edvtam) vizsg\u00e1ztattak \u00e9vekig, azt\u00e1n <strong>2012 janu\u00e1rj\u00e1ban<\/strong> magam is vizsgabiztos lettem, Gabi b\u00e1csi hal\u00e1l\u00e1t k\u00f6vet\u0151en \u00e9n l\u00e9ptem a hely\u00e9re. <strong>2017-ben<\/strong> megnyitottam a saj\u00e1t aut\u00f3szerel\u0151 v\u00e1llalkoz\u00e1somat, <strong>2018-t\u00f3l<\/strong> apum s\u00falyos betegs\u00e9ge miatt \u00e9n vezettem az \u0151 v\u00e1llalkoz\u00e1s\u00e1t is. <strong>2024 janu\u00e1rj\u00e1ban<\/strong>, apum hal\u00e1l\u00e1t k\u00f6vet\u0151en 2 h\u00f3napos k\u00e9nyszersz\u00fcnet ut\u00e1n pedig m\u00e1r az <strong>\u00e9n nevem alatt fut a <\/strong>hat\u00f3s\u00e1gi<strong> m\u0171szaki vizsg\u00e1ztat\u00f3i \u00e9s eredetis\u00e9gvizsg\u00e1l\u00f3i tev\u00e9kenys\u00e9g<\/strong> is. A v\u00e1llalkoz\u00e1st imm\u00e1r k\u00f6z\u00f6sen a feles\u00e9gemmel, <strong>Edin\u00e1val<\/strong> vezetj\u00fck. Az \u0151 feladata napi \u00fcgyek int\u00e9z\u00e9se, \u00fcgyfelez\u00e9s, az \u00e9n feladatom a h\u00e1tt\u00e9rmunka, ir\u00e1nymutat\u00e1s, jogszab\u00e1lyi megfelel\u0151s\u00e9g fenntart\u00e1sa. C\u00e9lunk apum \u00f6r\u00f6ks\u00e9g\u00e9t \u00e9s f\u0151leg <strong>filoz\u00f3fi\u00e1j\u00e1t<\/strong> tov\u00e1bbvinni. Els\u0151dleges feladatunknak a hat\u00f3s\u00e1gi <strong>m\u0171szaki vizsg\u00e1ztat\u00e1st \u00e9s az arra val\u00f3 felk\u00e9sz\u00edt\u00e9st <\/strong>tekintj\u00fck. B\u00fcszk\u00e9k vagyunk arra, hogy m\u0171hely\u00fcnk t\u00f6bb, mint 30 \u00e9ve \u00e1ll \u00fcgyfeleink szolg\u00e1lat\u00e1ban. Azt is szoktuk mondani, hogy m\u0171helyek z\u00e1rnak-nyitnak, aut\u00f3szerel\u0151k j\u00f6nnek-mennek, de <strong>Gyurcs\u00e1k Aut\u00f3szerviz csak egy van!<\/strong><br><\/p>\n\n\n\n<p class=\"has-text-align-right\">Gyurcs\u00e1k Tam\u00e1s g\u00e9p\u00e9szm\u00e9rn\u00f6k, k\u00f6zleked\u00e9sg\u00e9p\u00e9szeti technikus, k\u00f6z\u00fatij\u00e1rm\u0171-g\u00e9p\u00e9sz<\/p>\n\n\n\n<p>Foglaljon egy id\u0151pontot hat\u00f3s\u00e1gi m\u0171szaki vizsg\u00e1ra vagy eredetis\u00e9g vizsg\u00e1latra itt!<\/p>\n\n\n\n<div class=\"wp-block-buttons is-content-justification-center is-layout-flex wp-container-core-buttons-is-layout-16018d1d wp-block-buttons-is-layout-flex\">\n<div class=\"wp-block-button\"><a class=\"wp-block-button__link wp-element-button\" href=\"https:\/\/gyurcsakauto.hu\/?page_id=19\">Id\u0151pontot foglalok<\/a><\/div>\n<\/div>\n\n\n\n<p><\/p>\n","protected":false},"excerpt":{"rendered":"<p>\u00c9desap\u00e1m, Gyurcs\u00e1k Andr\u00e1s aut\u00f3szerel\u0151 mester v\u00e1llalkoz\u00e1s\u00e1t 1991-ben kezdte, majd 1992-t\u0151l az \u00fajonan bevezetett z\u00f6ldk\u00e1rty\u00e1z\u00e1ssal folytatta, amely akkor m\u00e9g b\u0151ven a Lad\u00e1k, Trabantok, Wartburgok, Skod\u00e1k stb. korszaka volt. Ekkor m\u00e9g a z\u00f6ldk\u00e1rtya (k\u00f6rnyezetv\u00e9delmi fel\u00fclvizsg\u00e1lat) \u00e9s a m\u0171szaki vizsga elk\u00fcl\u00f6n\u00fclt, nem tartozott egybe \u00e9s el\u00e9g volt hozz\u00e1 a csal\u00e1di h\u00e1zunk gar\u00e1zsa is. K\u00e9s\u0151bb azt\u00e1n b\u0151v\u00edtette tev\u00e9kenys\u00e9gi k\u00f6r\u00e9t, [&hellip;]<\/p>\n","protected":false},"author":1,"featured_media":0,"parent":0,"menu_order":0,"comment_status":"closed","ping_status":"closed","template":"","meta":{"pagelayer_contact_templates":[],"_pagelayer_content":"","footnotes":""},"class_list":["post-25","page","type-page","status-publish","hentry"],"_links":{"self":[{"href":"https:\/\/gyurcsakauto.hu\/index.php?rest_route=\/wp\/v2\/pages\/25","targetHints":{"allow":["GET"]}}],"collection":[{"href":"https:\/\/gyurcsakauto.hu\/index.php?rest_route=\/wp\/v2\/pages"}],"about":[{"href":"https:\/\/gyurcsakauto.hu\/index.php?rest_route=\/wp\/v2\/types\/page"}],"author":[{"embeddable":true,"href":"https:\/\/gyurcsakauto.hu\/index.php?rest_route=\/wp\/v2\/users\/1"}],"replies":[{"embeddable":true,"href":"https:\/\/gyurcsakauto.hu\/index.php?rest_route=%2Fwp%2Fv2%2Fcomments&post=25"}],"version-history":[{"count":20,"href":"https:\/\/gyurcsakauto.hu\/index.php?rest_route=\/wp\/v2\/pages\/25\/revisions"}],"predecessor-version":[{"id":137,"href":"https:\/\/gyurcsakauto.hu\/index.php?rest_route=\/wp\/v2\/pages\/25\/revisions\/137"}],"wp:attachment":[{"href":"https:\/\/gyurcsakauto.hu\/index.php?rest_route=%2Fwp%2Fv2%2Fmedia&parent=25"}],"curies":[{"name":"wp","href":"https:\/\/api.w.org\/{rel}","templated":true}]}}