{"id":23,"date":"2025-12-13T13:39:00","date_gmt":"2025-12-13T13:39:00","guid":{"rendered":"http:\/\/gyurcsakauto.hu\/?page_id=23"},"modified":"2025-12-14T09:17:35","modified_gmt":"2025-12-14T09:17:35","slug":"szolgaltatasaink","status":"publish","type":"page","link":"https:\/\/gyurcsakauto.hu\/?page_id=23","title":{"rendered":"Szolg\u00e1ltat\u00e1saink"},"content":{"rendered":"\n<div class=\"wp-block-columns is-layout-flex wp-container-core-columns-is-layout-9d6595d7 wp-block-columns-is-layout-flex\">\n<div class=\"wp-block-column is-layout-flow wp-block-column-is-layout-flow\">\n<p>A m\u0171szaki vizsga \u00e9s az eredetis\u00e9g vizsga feliratokra kattintva az online id\u0151pontfoglal\u00f3hoz jutunk.<br>Az egy\u00e9b szolg\u00e1ltat\u00e1sok ig\u00e9nybev\u00e9tel\u00e9hez h\u00edvja a +36205698489 -es telefonsz\u00e1mot munkaid\u0151ben!<\/p>\n<\/div>\n<\/div>\n\n\n\n<div class=\"wp-block-columns is-layout-flex wp-container-core-columns-is-layout-9d6595d7 wp-block-columns-is-layout-flex\">\n<div class=\"wp-block-column is-layout-flow wp-block-column-is-layout-flow\">\n<div class=\"wp-block-cover\" style=\"min-height:430px;aspect-ratio:unset;\"><img loading=\"lazy\" decoding=\"async\" width=\"1024\" height=\"576\" class=\"wp-block-cover__image-background wp-image-54\" alt=\"M\u0171szaki vizsga\" src=\"https:\/\/gyurcsakauto.hu\/wp-content\/uploads\/2025\/12\/muszaki-1024x576.webp\" data-object-fit=\"cover\" srcset=\"https:\/\/gyurcsakauto.hu\/wp-content\/uploads\/2025\/12\/muszaki-1024x576.webp 1024w, https:\/\/gyurcsakauto.hu\/wp-content\/uploads\/2025\/12\/muszaki-300x169.webp 300w, https:\/\/gyurcsakauto.hu\/wp-content\/uploads\/2025\/12\/muszaki-768x432.webp 768w, https:\/\/gyurcsakauto.hu\/wp-content\/uploads\/2025\/12\/muszaki-1536x864.webp 1536w, https:\/\/gyurcsakauto.hu\/wp-content\/uploads\/2025\/12\/muszaki.webp 1920w\" sizes=\"auto, (max-width: 1024px) 100vw, 1024px\" \/><span aria-hidden=\"true\" class=\"wp-block-cover__background has-background-dim\"><\/span><div class=\"wp-block-cover__inner-container is-layout-flow wp-block-cover-is-layout-flow\">\n<p class=\"has-text-align-center has-large-font-size\"><a href=\"https:\/\/gyurcsakauto.hu\/?page_id=19\" data-type=\"page\" data-id=\"19\">M\u0171szaki vizsga<\/a><\/p>\n<\/div><\/div>\n<\/div>\n\n\n\n<div class=\"wp-block-column is-layout-flow wp-block-column-is-layout-flow\">\n<div class=\"wp-block-cover\"><img loading=\"lazy\" decoding=\"async\" width=\"1024\" height=\"682\" class=\"wp-block-cover__image-background wp-image-51\" alt=\"Eredetis\u00e9g vizsg\u00e1lat\" src=\"https:\/\/gyurcsakauto.hu\/wp-content\/uploads\/2025\/12\/eredet-1024x682.webp\" data-object-fit=\"cover\" srcset=\"https:\/\/gyurcsakauto.hu\/wp-content\/uploads\/2025\/12\/eredet-1024x682.webp 1024w, https:\/\/gyurcsakauto.hu\/wp-content\/uploads\/2025\/12\/eredet-300x200.webp 300w, https:\/\/gyurcsakauto.hu\/wp-content\/uploads\/2025\/12\/eredet-768x512.webp 768w, https:\/\/gyurcsakauto.hu\/wp-content\/uploads\/2025\/12\/eredet.webp 1280w\" sizes=\"auto, (max-width: 1024px) 100vw, 1024px\" \/><span aria-hidden=\"true\" class=\"wp-block-cover__background has-background-dim\"><\/span><div class=\"wp-block-cover__inner-container is-layout-flow wp-block-cover-is-layout-flow\">\n<p class=\"has-text-align-center has-large-font-size\"><a href=\"https:\/\/gyurcsakauto.hu\/?page_id=19\" data-type=\"page\" data-id=\"19\">Eredetis\u00e9g<\/a><\/p>\n\n\n\n<p class=\"has-text-align-center has-large-font-size\"> vizsg\u00e1lat<\/p>\n<\/div><\/div>\n<\/div>\n\n\n\n<div class=\"wp-block-column is-layout-flow wp-block-column-is-layout-flow\">\n<div class=\"wp-block-cover\"><img loading=\"lazy\" decoding=\"async\" width=\"1024\" height=\"682\" class=\"wp-block-cover__image-background wp-image-55\" alt=\"M\u0171szaki vizsg\u00e1ra val\u00f3 felk\u00e9sz\u00edt\u00e9s\" src=\"https:\/\/gyurcsakauto.hu\/wp-content\/uploads\/2025\/12\/muszakira_felkeszites-1024x682.jpg\" data-object-fit=\"cover\" srcset=\"https:\/\/gyurcsakauto.hu\/wp-content\/uploads\/2025\/12\/muszakira_felkeszites-1024x682.jpg 1024w, https:\/\/gyurcsakauto.hu\/wp-content\/uploads\/2025\/12\/muszakira_felkeszites-300x200.jpg 300w, https:\/\/gyurcsakauto.hu\/wp-content\/uploads\/2025\/12\/muszakira_felkeszites-768x512.jpg 768w, https:\/\/gyurcsakauto.hu\/wp-content\/uploads\/2025\/12\/muszakira_felkeszites.jpg 1280w\" sizes=\"auto, (max-width: 1024px) 100vw, 1024px\" \/><span aria-hidden=\"true\" class=\"wp-block-cover__background has-background-dim\"><\/span><div class=\"wp-block-cover__inner-container is-layout-flow wp-block-cover-is-layout-flow\">\n<p class=\"has-text-align-center has-large-font-size\">M\u0171szaki<\/p>\n\n\n\n<p class=\"has-text-align-center has-large-font-size\"> vizsg\u00e1ra val\u00f3<\/p>\n\n\n\n<p class=\"has-text-align-center has-large-font-size\"> felk\u00e9sz\u00edt\u00e9s<\/p>\n<\/div><\/div>\n<\/div>\n<\/div>\n\n\n\n<div style=\"height:30px\" aria-hidden=\"true\" class=\"wp-block-spacer\"><\/div>\n\n\n\n<div class=\"wp-block-columns is-layout-flex wp-container-core-columns-is-layout-9d6595d7 wp-block-columns-is-layout-flex\">\n<div class=\"wp-block-column is-layout-flow wp-block-column-is-layout-flow\">\n<div class=\"wp-block-cover\"><img loading=\"lazy\" decoding=\"async\" width=\"1000\" height=\"667\" class=\"wp-block-cover__image-background wp-image-57\" alt=\"Szerviz munk\u00e1k\" src=\"https:\/\/gyurcsakauto.hu\/wp-content\/uploads\/2025\/12\/szerviz.webp\" data-object-fit=\"cover\" srcset=\"https:\/\/gyurcsakauto.hu\/wp-content\/uploads\/2025\/12\/szerviz.webp 1000w, https:\/\/gyurcsakauto.hu\/wp-content\/uploads\/2025\/12\/szerviz-300x200.webp 300w, https:\/\/gyurcsakauto.hu\/wp-content\/uploads\/2025\/12\/szerviz-768x512.webp 768w\" sizes=\"auto, (max-width: 1000px) 100vw, 1000px\" \/><span aria-hidden=\"true\" class=\"wp-block-cover__background has-background-dim\"><\/span><div class=\"wp-block-cover__inner-container is-layout-flow wp-block-cover-is-layout-flow\">\n<p class=\"has-text-align-center has-large-font-size\">Kis \u00e9s nagy <\/p>\n\n\n\n<p class=\"has-text-align-center has-large-font-size\">szerviz<\/p>\n<\/div><\/div>\n<\/div>\n\n\n\n<div class=\"wp-block-column is-layout-flow wp-block-column-is-layout-flow\">\n<div class=\"wp-block-cover\"><img loading=\"lazy\" decoding=\"async\" width=\"600\" height=\"401\" class=\"wp-block-cover__image-background wp-image-53\" alt=\"Gumiszerel\u00e9s\" src=\"https:\/\/gyurcsakauto.hu\/wp-content\/uploads\/2025\/12\/gumi.webp\" data-object-fit=\"cover\" srcset=\"https:\/\/gyurcsakauto.hu\/wp-content\/uploads\/2025\/12\/gumi.webp 600w, https:\/\/gyurcsakauto.hu\/wp-content\/uploads\/2025\/12\/gumi-300x201.webp 300w\" sizes=\"auto, (max-width: 600px) 100vw, 600px\" \/><span aria-hidden=\"true\" class=\"wp-block-cover__background has-background-dim\"><\/span><div class=\"wp-block-cover__inner-container is-layout-flow wp-block-cover-is-layout-flow\">\n<p class=\"has-text-align-center has-large-font-size\">Gumiszerel\u00e9s<\/p>\n<\/div><\/div>\n<\/div>\n\n\n\n<div class=\"wp-block-column is-layout-flow wp-block-column-is-layout-flow\">\n<div class=\"wp-block-cover\"><img loading=\"lazy\" decoding=\"async\" width=\"1024\" height=\"681\" class=\"wp-block-cover__image-background wp-image-52\" alt=\"Fut\u00f3m\u0171 \u00e1ll\u00edt\u00e1s\" src=\"https:\/\/gyurcsakauto.hu\/wp-content\/uploads\/2025\/12\/futomu-1024x681.webp\" data-object-fit=\"cover\" srcset=\"https:\/\/gyurcsakauto.hu\/wp-content\/uploads\/2025\/12\/futomu-1024x681.webp 1024w, https:\/\/gyurcsakauto.hu\/wp-content\/uploads\/2025\/12\/futomu-300x200.webp 300w, https:\/\/gyurcsakauto.hu\/wp-content\/uploads\/2025\/12\/futomu-768x511.webp 768w, https:\/\/gyurcsakauto.hu\/wp-content\/uploads\/2025\/12\/futomu-1536x1022.webp 1536w, https:\/\/gyurcsakauto.hu\/wp-content\/uploads\/2025\/12\/futomu-2048x1363.webp 2048w\" sizes=\"auto, (max-width: 1024px) 100vw, 1024px\" \/><span aria-hidden=\"true\" class=\"wp-block-cover__background has-background-dim\"><\/span><div class=\"wp-block-cover__inner-container is-layout-flow wp-block-cover-is-layout-flow\">\n<p class=\"has-text-align-center has-large-font-size\">Fut\u00f3m\u0171 \u00e1ll\u00edt\u00e1s<\/p>\n<\/div><\/div>\n<\/div>\n<\/div>\n\n\n\n<div style=\"height:30px\" aria-hidden=\"true\" class=\"wp-block-spacer\"><\/div>\n\n\n\n<div class=\"wp-block-columns is-layout-flex wp-container-core-columns-is-layout-9d6595d7 wp-block-columns-is-layout-flex\">\n<div class=\"wp-block-column is-layout-flow wp-block-column-is-layout-flow\">\n<div class=\"wp-block-cover\"><img loading=\"lazy\" decoding=\"async\" width=\"1024\" height=\"684\" class=\"wp-block-cover__image-background wp-image-56\" alt=\"F\u00e9nysz\u00f3r\u00f3 pol\u00edroz\u00e1s\" src=\"https:\/\/gyurcsakauto.hu\/wp-content\/uploads\/2025\/12\/polir-1024x684.webp\" data-object-fit=\"cover\" srcset=\"https:\/\/gyurcsakauto.hu\/wp-content\/uploads\/2025\/12\/polir-1024x684.webp 1024w, https:\/\/gyurcsakauto.hu\/wp-content\/uploads\/2025\/12\/polir-300x200.webp 300w, https:\/\/gyurcsakauto.hu\/wp-content\/uploads\/2025\/12\/polir-768x513.webp 768w, https:\/\/gyurcsakauto.hu\/wp-content\/uploads\/2025\/12\/polir-1536x1025.webp 1536w, https:\/\/gyurcsakauto.hu\/wp-content\/uploads\/2025\/12\/polir-2048x1367.webp 2048w\" sizes=\"auto, (max-width: 1024px) 100vw, 1024px\" \/><span aria-hidden=\"true\" class=\"wp-block-cover__background has-background-dim\"><\/span><div class=\"wp-block-cover__inner-container is-layout-flow wp-block-cover-is-layout-flow\">\n<p class=\"has-text-align-center has-large-font-size\">F\u00e9nysz\u00f3r\u00f3<\/p>\n\n\n\n<p class=\"has-text-align-center has-large-font-size\"> pol\u00edroz\u00e1s<\/p>\n<\/div><\/div>\n<\/div>\n\n\n\n<div class=\"wp-block-column is-layout-flow wp-block-column-is-layout-flow\">\n<div class=\"wp-block-cover\"><img loading=\"lazy\" decoding=\"async\" width=\"1024\" height=\"682\" class=\"wp-block-cover__image-background wp-image-89\" alt=\"Gener\u00e1tor, \u00f6nind\u00edt\u00f3 jav\u00edt\u00e1s\" src=\"https:\/\/gyurcsakauto.hu\/wp-content\/uploads\/2025\/12\/generator.webp\" data-object-fit=\"cover\" srcset=\"https:\/\/gyurcsakauto.hu\/wp-content\/uploads\/2025\/12\/generator.webp 1024w, https:\/\/gyurcsakauto.hu\/wp-content\/uploads\/2025\/12\/generator-300x200.webp 300w, https:\/\/gyurcsakauto.hu\/wp-content\/uploads\/2025\/12\/generator-768x512.webp 768w\" sizes=\"auto, (max-width: 1024px) 100vw, 1024px\" \/><span aria-hidden=\"true\" class=\"wp-block-cover__background has-background-dim\"><\/span><div class=\"wp-block-cover__inner-container is-layout-flow wp-block-cover-is-layout-flow\">\n<p class=\"has-text-align-center has-large-font-size\">Gener\u00e1tor, <\/p>\n\n\n\n<p class=\"has-text-align-center has-large-font-size\">\u00f6nind\u00edt\u00f3<\/p>\n\n\n\n<p class=\"has-text-align-center has-large-font-size\"> jav\u00edt\u00e1s<\/p>\n<\/div><\/div>\n<\/div>\n\n\n\n<div class=\"wp-block-column is-layout-flow wp-block-column-is-layout-flow\"><\/div>\n<\/div>\n\n\n\n<p><\/p>\n","protected":false},"excerpt":{"rendered":"<p>A m\u0171szaki vizsga \u00e9s az eredetis\u00e9g vizsga feliratokra kattintva az online id\u0151pontfoglal\u00f3hoz jutunk.Az egy\u00e9b szolg\u00e1ltat\u00e1sok ig\u00e9nybev\u00e9tel\u00e9hez h\u00edvja a +36205698489 -es telefonsz\u00e1mot munkaid\u0151ben!<\/p>\n","protected":false},"author":1,"featured_media":0,"parent":0,"menu_order":0,"comment_status":"closed","ping_status":"closed","template":"","meta":{"pagelayer_contact_templates":[],"_pagelayer_content":"","footnotes":""},"class_list":["post-23","page","type-page","status-publish","hentry"],"_links":{"self":[{"href":"https:\/\/gyurcsakauto.hu\/index.php?rest_route=\/wp\/v2\/pages\/23","targetHints":{"allow":["GET"]}}],"collection":[{"href":"https:\/\/gyurcsakauto.hu\/index.php?rest_route=\/wp\/v2\/pages"}],"about":[{"href":"https:\/\/gyurcsakauto.hu\/index.php?rest_route=\/wp\/v2\/types\/page"}],"author":[{"embeddable":true,"href":"https:\/\/gyurcsakauto.hu\/index.php?rest_route=\/wp\/v2\/users\/1"}],"replies":[{"embeddable":true,"href":"https:\/\/gyurcsakauto.hu\/index.php?rest_route=%2Fwp%2Fv2%2Fcomments&post=23"}],"version-history":[{"count":17,"href":"https:\/\/gyurcsakauto.hu\/index.php?rest_route=\/wp\/v2\/pages\/23\/revisions"}],"predecessor-version":[{"id":91,"href":"https:\/\/gyurcsakauto.hu\/index.php?rest_route=\/wp\/v2\/pages\/23\/revisions\/91"}],"wp:attachment":[{"href":"https:\/\/gyurcsakauto.hu\/index.php?rest_route=%2Fwp%2Fv2%2Fmedia&parent=23"}],"curies":[{"name":"wp","href":"https:\/\/api.w.org\/{rel}","templated":true}]}}