{"id":21,"date":"2025-12-13T13:38:19","date_gmt":"2025-12-13T13:38:19","guid":{"rendered":"http:\/\/gyurcsakauto.hu\/?page_id=21"},"modified":"2025-12-13T15:13:54","modified_gmt":"2025-12-13T15:13:54","slug":"kapcsolat","status":"publish","type":"page","link":"https:\/\/gyurcsakauto.hu\/?page_id=21","title":{"rendered":"Kapcsolat"},"content":{"rendered":"\n<p>Id\u0151pont foglal\u00e1s m\u0171szaki vizsg\u00e1ra \u00e9s eredetis\u00e1g vizsg\u00e1latra itt:<\/p>\n\n\n\n<div class=\"wp-block-buttons is-content-justification-center is-layout-flex wp-container-core-buttons-is-layout-16018d1d wp-block-buttons-is-layout-flex\">\n<div class=\"wp-block-button\"><a class=\"wp-block-button__link wp-element-button\" href=\"https:\/\/gyurcsakauto.hu\/?page_id=19\">Id\u0151potot foglalok<\/a><\/div>\n<\/div>\n\n\n\n<p>Telefonsz\u00e1m: +36205698489<br>E-mail c\u00edm: gyurcsakauto kukac gmail pont com<br><br>Gyurcs\u00e1k Tam\u00e1s e.v.<br>3146 M\u00e1traterenye, R\u00e1k\u00f3czi \u00fat 16.<br>68303822-2-32<\/p>\n\n\n\n<iframe src=\"https:\/\/www.google.com\/maps\/embed?pb=!1m18!1m12!1m3!1d2668.8034866119633!2d19.96962517625705!3d48.01750635951288!2m3!1f0!2f0!3f0!3m2!1i1024!2i768!4f13.1!3m3!1m2!1s0x47406f4c23252d3f%3A0xed3ef1bc69e8e670!2sGyurcs%C3%A1k%20Aut%C3%B3szerviz!5e0!3m2!1shu!2shu!4v1765638483089!5m2!1shu!2shu\" width=\"600\" height=\"450\" style=\"border:0;\" allowfullscreen=\"\" loading=\"lazy\" referrerpolicy=\"no-referrer-when-downgrade\"><\/iframe>\n\n\n\n<p><\/p>\n","protected":false},"excerpt":{"rendered":"<p>Id\u0151pont foglal\u00e1s m\u0171szaki vizsg\u00e1ra \u00e9s eredetis\u00e1g vizsg\u00e1latra itt: Telefonsz\u00e1m: +36205698489E-mail c\u00edm: gyurcsakauto kukac gmail pont com Gyurcs\u00e1k Tam\u00e1s e.v.3146 M\u00e1traterenye, R\u00e1k\u00f3czi \u00fat 16.68303822-2-32<\/p>\n","protected":false},"author":1,"featured_media":0,"parent":0,"menu_order":0,"comment_status":"closed","ping_status":"closed","template":"","meta":{"pagelayer_contact_templates":[],"_pagelayer_content":"","footnotes":""},"class_list":["post-21","page","type-page","status-publish","hentry"],"_links":{"self":[{"href":"https:\/\/gyurcsakauto.hu\/index.php?rest_route=\/wp\/v2\/pages\/21","targetHints":{"allow":["GET"]}}],"collection":[{"href":"https:\/\/gyurcsakauto.hu\/index.php?rest_route=\/wp\/v2\/pages"}],"about":[{"href":"https:\/\/gyurcsakauto.hu\/index.php?rest_route=\/wp\/v2\/types\/page"}],"author":[{"embeddable":true,"href":"https:\/\/gyurcsakauto.hu\/index.php?rest_route=\/wp\/v2\/users\/1"}],"replies":[{"embeddable":true,"href":"https:\/\/gyurcsakauto.hu\/index.php?rest_route=%2Fwp%2Fv2%2Fcomments&post=21"}],"version-history":[{"count":6,"href":"https:\/\/gyurcsakauto.hu\/index.php?rest_route=\/wp\/v2\/pages\/21\/revisions"}],"predecessor-version":[{"id":50,"href":"https:\/\/gyurcsakauto.hu\/index.php?rest_route=\/wp\/v2\/pages\/21\/revisions\/50"}],"wp:attachment":[{"href":"https:\/\/gyurcsakauto.hu\/index.php?rest_route=%2Fwp%2Fv2%2Fmedia&parent=21"}],"curies":[{"name":"wp","href":"https:\/\/api.w.org\/{rel}","templated":true}]}}