{"id":2,"date":"2025-12-13T08:52:37","date_gmt":"2025-12-13T08:52:37","guid":{"rendered":"http:\/\/gyurcsakauto.hu\/?page_id=2"},"modified":"2025-12-14T15:22:03","modified_gmt":"2025-12-14T15:22:03","slug":"sample-page","status":"publish","type":"page","link":"https:\/\/gyurcsakauto.hu\/","title":{"rendered":"Kezd\u0151lap"},"content":{"rendered":"\n<p class=\"has-text-align-left\"><strong>&#8222;Sz\u00edv\u00fcgy\u00fcnk az \u00d6n biztons\u00e1gos aut\u00f3z\u00e1sa.&#8221;<\/strong><\/p>\n\n\n<div class=\"wp-block-image\">\n<figure class=\"aligncenter size-large\"><img loading=\"lazy\" decoding=\"async\" width=\"1024\" height=\"503\" src=\"https:\/\/gyurcsakauto.hu\/wp-content\/uploads\/2025\/12\/gyurcsakszerviz-1-1024x503.jpg\" alt=\"\" class=\"wp-image-147\" srcset=\"https:\/\/gyurcsakauto.hu\/wp-content\/uploads\/2025\/12\/gyurcsakszerviz-1-1024x503.jpg 1024w, https:\/\/gyurcsakauto.hu\/wp-content\/uploads\/2025\/12\/gyurcsakszerviz-1-300x147.jpg 300w, https:\/\/gyurcsakauto.hu\/wp-content\/uploads\/2025\/12\/gyurcsakszerviz-1-768x377.jpg 768w, https:\/\/gyurcsakauto.hu\/wp-content\/uploads\/2025\/12\/gyurcsakszerviz-1-1536x754.jpg 1536w, https:\/\/gyurcsakauto.hu\/wp-content\/uploads\/2025\/12\/gyurcsakszerviz-1.jpg 2012w\" sizes=\"auto, (max-width: 1024px) 100vw, 1024px\" \/><\/figure>\n<\/div>\n\n\n<p class=\"has-text-align-left\">Telephely\u00fcnk\u00f6n<\/p>\n\n\n\n<p class=\"has-text-align-left\"><strong>&#8222;K\u00d6ZLEKED\u00c9SI HAT\u00d3S\u00c1G \u00c1LTAL ENGED\u00c9LYEZETT M\u0170SZAKI VIZSG\u00c1L\u00d3\u00c1LLOM\u00c1S&#8221;<\/strong><\/p>\n\n\n\n<p class=\"has-text-align-left\">m\u0171k\u00f6dik.<\/p>\n\n\n\n<p class=\"has-text-align-left\">Vizsg\u00e1l\u00f3\u00e1llom\u00e1s \u00e9s aut\u00f3szerviz <strong>nyitvatart\u00e1s: <\/strong><\/p>\n\n\n\n<p class=\"has-text-align-left\">H-P: 08:00-16:30, eb\u00e9dsz\u00fcnet: 12:30-13:00<br>SZ: 08:00-12:00 el\u0151zetes egyeztet\u00e9s sz\u00fcks\u00e9ges!<\/p>\n\n\n\n<div class=\"wp-block-buttons is-content-justification-center is-layout-flex wp-container-core-buttons-is-layout-16018d1d wp-block-buttons-is-layout-flex\">\n<div class=\"wp-block-button\"><a class=\"wp-block-button__link wp-element-button\" href=\"https:\/\/gyurcsakauto.hu\/?page_id=19\">Id\u0151pontfoglal\u00e1s m\u0171szakira, eredetis\u00e9g vizsg\u00e1latra<\/a><\/div>\n<\/div>\n\n\n\n<p class=\"has-text-align-left\"><strong>Telefonsz\u00e1munk munkaid\u0151ben:<\/strong> +36205698489<\/p>\n\n\n\n<p class=\"has-text-align-left\"><strong>Telephely: <\/strong>3146 M\u00e1traterenye, R\u00e1k\u00f3czi \u00fat 16.<\/p>\n\n\n\n<p>M\u00edg aut\u00f3j\u00e1ra v\u00e1rakozik, a m\u0171hely melletti (ny\u00e1ron klimatiz\u00e1lt, t\u00e9len f\u0171t\u00f6tt)<strong> Garage Pubban<\/strong> t\u00f6bbf\u00e9le <strong>street food \u00e9teleink<\/strong> k\u00f6z\u00fcl v\u00e1laszthat, mint pl. finom, egyedi k\u00e9zm\u0171ves hamburgerek, quesadilla, frissens\u00fcltek, stb. esetleg megihat egy k\u00e1v\u00e9t vagy \u00fcd\u00edt\u0151t.<\/p>\n\n\n<div class=\"wp-block-image\">\n<figure class=\"aligncenter size-large\"><img loading=\"lazy\" decoding=\"async\" width=\"1024\" height=\"768\" src=\"https:\/\/gyurcsakauto.hu\/wp-content\/uploads\/2025\/12\/ugyfelvaro-1024x768.jpg\" alt=\"\" class=\"wp-image-149\" srcset=\"https:\/\/gyurcsakauto.hu\/wp-content\/uploads\/2025\/12\/ugyfelvaro-1024x768.jpg 1024w, https:\/\/gyurcsakauto.hu\/wp-content\/uploads\/2025\/12\/ugyfelvaro-300x225.jpg 300w, https:\/\/gyurcsakauto.hu\/wp-content\/uploads\/2025\/12\/ugyfelvaro-768x576.jpg 768w, https:\/\/gyurcsakauto.hu\/wp-content\/uploads\/2025\/12\/ugyfelvaro-1536x1152.jpg 1536w, https:\/\/gyurcsakauto.hu\/wp-content\/uploads\/2025\/12\/ugyfelvaro.jpg 2040w\" sizes=\"auto, (max-width: 1024px) 100vw, 1024px\" \/><\/figure>\n<\/div>\n\n\n<p><\/p>\n","protected":false},"excerpt":{"rendered":"<p>&#8222;Sz\u00edv\u00fcgy\u00fcnk az \u00d6n biztons\u00e1gos aut\u00f3z\u00e1sa.&#8221; Telephely\u00fcnk\u00f6n &#8222;K\u00d6ZLEKED\u00c9SI HAT\u00d3S\u00c1G \u00c1LTAL ENGED\u00c9LYEZETT M\u0170SZAKI VIZSG\u00c1L\u00d3\u00c1LLOM\u00c1S&#8221; m\u0171k\u00f6dik. Vizsg\u00e1l\u00f3\u00e1llom\u00e1s \u00e9s aut\u00f3szerviz nyitvatart\u00e1s: H-P: 08:00-16:30, eb\u00e9dsz\u00fcnet: 12:30-13:00SZ: 08:00-12:00 el\u0151zetes egyeztet\u00e9s sz\u00fcks\u00e9ges! Telefonsz\u00e1munk munkaid\u0151ben: +36205698489 Telephely: 3146 M\u00e1traterenye, R\u00e1k\u00f3czi \u00fat 16. M\u00edg aut\u00f3j\u00e1ra v\u00e1rakozik, a m\u0171hely melletti (ny\u00e1ron klimatiz\u00e1lt, t\u00e9len f\u0171t\u00f6tt) Garage Pubban t\u00f6bbf\u00e9le street food \u00e9teleink k\u00f6z\u00fcl v\u00e1laszthat, mint pl. finom, [&hellip;]<\/p>\n","protected":false},"author":1,"featured_media":0,"parent":0,"menu_order":0,"comment_status":"closed","ping_status":"open","template":"","meta":{"pagelayer_contact_templates":[],"_pagelayer_content":"","footnotes":""},"class_list":["post-2","page","type-page","status-publish","hentry"],"_links":{"self":[{"href":"https:\/\/gyurcsakauto.hu\/index.php?rest_route=\/wp\/v2\/pages\/2","targetHints":{"allow":["GET"]}}],"collection":[{"href":"https:\/\/gyurcsakauto.hu\/index.php?rest_route=\/wp\/v2\/pages"}],"about":[{"href":"https:\/\/gyurcsakauto.hu\/index.php?rest_route=\/wp\/v2\/types\/page"}],"author":[{"embeddable":true,"href":"https:\/\/gyurcsakauto.hu\/index.php?rest_route=\/wp\/v2\/users\/1"}],"replies":[{"embeddable":true,"href":"https:\/\/gyurcsakauto.hu\/index.php?rest_route=%2Fwp%2Fv2%2Fcomments&post=2"}],"version-history":[{"count":15,"href":"https:\/\/gyurcsakauto.hu\/index.php?rest_route=\/wp\/v2\/pages\/2\/revisions"}],"predecessor-version":[{"id":155,"href":"https:\/\/gyurcsakauto.hu\/index.php?rest_route=\/wp\/v2\/pages\/2\/revisions\/155"}],"wp:attachment":[{"href":"https:\/\/gyurcsakauto.hu\/index.php?rest_route=%2Fwp%2Fv2%2Fmedia&parent=2"}],"curies":[{"name":"wp","href":"https:\/\/api.w.org\/{rel}","templated":true}]}}