{"id":19,"date":"2025-12-13T13:37:35","date_gmt":"2025-12-13T13:37:35","guid":{"rendered":"http:\/\/gyurcsakauto.hu\/?page_id=19"},"modified":"2025-12-13T15:04:10","modified_gmt":"2025-12-13T15:04:10","slug":"idopontfoglalas","status":"publish","type":"page","link":"https:\/\/gyurcsakauto.hu\/?page_id=19","title":{"rendered":"Id\u0151pontfoglal\u00e1s"},"content":{"rendered":"\n<p>T\u00e1j\u00e9koztatjuk a Tisztelt \u00fcgyfeleinket, hogy a technol\u00f3giai id\u0151sz\u00fcks\u00e9glet meghaladhatja a f\u00e9l \u00f3r\u00e1t, ez\u00e9rt a lefoglalt id\u0151pont csak t\u00e1j\u00e9koztat\u00f3 jelleg\u0171, \u00e9rkez\u00e9skor az \u00e9pp fut\u00f3 \u00fcgyet mindenk\u00e9ppen v\u00e9gig kell v\u00e1rni.<\/p>\n\n\n\n<p>M\u0171szaki vizsga, el\u0151zetes \u00e1tvizsg\u00e1l\u00e1s \u00e9s eredetis\u00e9gvizsg\u00e1lati \u00e1rainkat megtal\u00e1lj\u00e1k az \u00e1raink men\u00fcpontban.<\/p>\n\n\n\n<iframe\n  src=\"https:\/\/gyurcsakauto.booked4.us\/\"\n  width=\"100%\"\n  height=\"900\"\n  style=\"border:0;\"\n  loading=\"lazy\"\n  referrerpolicy=\"no-referrer-when-downgrade\">\n<\/iframe>\n\n\n\n<p><\/p>\n","protected":false},"excerpt":{"rendered":"<p>T\u00e1j\u00e9koztatjuk a Tisztelt \u00fcgyfeleinket, hogy a technol\u00f3giai id\u0151sz\u00fcks\u00e9glet meghaladhatja a f\u00e9l \u00f3r\u00e1t, ez\u00e9rt a lefoglalt id\u0151pont csak t\u00e1j\u00e9koztat\u00f3 jelleg\u0171, \u00e9rkez\u00e9skor az \u00e9pp fut\u00f3 \u00fcgyet mindenk\u00e9ppen v\u00e9gig kell v\u00e1rni. M\u0171szaki vizsga, el\u0151zetes \u00e1tvizsg\u00e1l\u00e1s \u00e9s eredetis\u00e9gvizsg\u00e1lati \u00e1rainkat megtal\u00e1lj\u00e1k az \u00e1raink men\u00fcpontban.<\/p>\n","protected":false},"author":1,"featured_media":0,"parent":0,"menu_order":0,"comment_status":"closed","ping_status":"closed","template":"","meta":{"pagelayer_contact_templates":[],"_pagelayer_content":"","footnotes":""},"class_list":["post-19","page","type-page","status-publish","hentry"],"_links":{"self":[{"href":"https:\/\/gyurcsakauto.hu\/index.php?rest_route=\/wp\/v2\/pages\/19","targetHints":{"allow":["GET"]}}],"collection":[{"href":"https:\/\/gyurcsakauto.hu\/index.php?rest_route=\/wp\/v2\/pages"}],"about":[{"href":"https:\/\/gyurcsakauto.hu\/index.php?rest_route=\/wp\/v2\/types\/page"}],"author":[{"embeddable":true,"href":"https:\/\/gyurcsakauto.hu\/index.php?rest_route=\/wp\/v2\/users\/1"}],"replies":[{"embeddable":true,"href":"https:\/\/gyurcsakauto.hu\/index.php?rest_route=%2Fwp%2Fv2%2Fcomments&post=19"}],"version-history":[{"count":4,"href":"https:\/\/gyurcsakauto.hu\/index.php?rest_route=\/wp\/v2\/pages\/19\/revisions"}],"predecessor-version":[{"id":45,"href":"https:\/\/gyurcsakauto.hu\/index.php?rest_route=\/wp\/v2\/pages\/19\/revisions\/45"}],"wp:attachment":[{"href":"https:\/\/gyurcsakauto.hu\/index.php?rest_route=%2Fwp%2Fv2%2Fmedia&parent=19"}],"curies":[{"name":"wp","href":"https:\/\/api.w.org\/{rel}","templated":true}]}}